{"id":1901,"date":"2020-05-01T07:50:42","date_gmt":"2020-05-01T05:50:42","guid":{"rendered":"https:\/\/lapalma52sound.es\/index.php\/politica-de-cookies\/"},"modified":"2020-05-01T08:29:10","modified_gmt":"2020-05-01T06:29:10","slug":"politica-de-cookies","status":"publish","type":"page","link":"https:\/\/lapalma52sound.es\/index.php\/politica-de-cookies\/","title":{"rendered":"Pol\u00edtica de cookies"},"content":{"rendered":"<p>[vc_row][vc_column][vc_column_text]<\/p>\n<h1><strong style=\"font-family: 'Open Sans', Arial, Helvetica, sans-serif; font-size: 1rem;\">INFORMACI\u00d3N SOBRE COOKIES<\/strong><\/h1>\n<div id=\"clickdatos\">\n<p>Debido a la entrada en vigor de la referente modificaci\u00f3n de la \u00abLey de Servicios de la Sociedad de la Informaci\u00f3n\u00bb (LSSICE) establecida por el Real Decreto 13\/2012, es de obligaci\u00f3n obtener el consentimiento expreso del usuario de todas las p\u00e1ginas web que usan <em>cookies <\/em>prescindibles, antes de que este navegue por ellas.<\/p>\n<p><strong>\u00bfQU\u00c9 SON LAS COOKIES?<\/strong><\/p>\n<p>Las <em>cookies <\/em>y otras tecnolog\u00edas similares tales como local shared objects, flash <em>cookies <\/em>o p\u00edxeles, son herramientas empleadas por los servidores Web para almacenar y recuperar informaci\u00f3n acerca de sus visitantes, as\u00ed como para ofrecer un correcto funcionamiento del sitio.<\/p>\n<p>Mediante el uso de estos dispositivos se permite al servidor Web recordar algunos datos concernientes al usuario, como sus preferencias para la visualizaci\u00f3n de las p\u00e1ginas de ese servidor, nombre y contrase\u00f1a, productos que m\u00e1s le interesan, etc.<\/p>\n<p><strong><em>COOKIES <\/em><\/strong><strong>AFECTADAS POR LA NORMATIVA Y COOKIES EXCEPTUADAS<\/strong><\/p>\n<p>Seg\u00fan la directiva de la UE, las <em>cookies <\/em>que requieren el consentimiento informado por parte del usuario son las <em>cookies <\/em>de anal\u00edtica y las de publicidad y afiliaci\u00f3n, quedando exceptuadas las de car\u00e1cter t\u00e9cnico y las necesarias para el funcionamiento del sitio web o la prestaci\u00f3n de servicios expresamente solicitados por el usuario.<\/p>\n<p><strong>TIPOS DE COOKIES<\/strong><\/p>\n<p><strong>SEG\u00daN LA FINALIDAD<\/strong><\/p>\n<ul>\n<li><em><strong>Cookies <\/strong><\/em><strong>t\u00e9cnicas y funcionales<\/strong>: son aquellas que permiten al usuario la navegaci\u00f3n a trav\u00e9s de una p\u00e1gina web, plataforma o aplicaci\u00f3n y la utilizaci\u00f3n de las diferentes opciones o servicios que en ella existan<em>.<\/em><\/li>\n<li><em><strong>Cookies <\/strong><\/em><strong>anal\u00edticas<\/strong>: son aquellas que permiten al responsable de las mismas el seguimiento y an\u00e1lisis del comportamiento de los usuarios de los sitios web a los que est\u00e1n vinculadas. La informaci\u00f3n recogida mediante este tipo de <em>cookies<\/em> se utiliza en la medici\u00f3n de la actividad de los sitios web, aplicaci\u00f3n o plataforma y para la elaboraci\u00f3n de perfiles de navegaci\u00f3n de los usuarios de dichos sitios, aplicaciones y plataformas, con el fin de introducir mejoras en funci\u00f3n del an\u00e1lisis de los datos de uso que hacen los usuarios del servicio.<\/li>\n<li><em><strong>Cookies<\/strong><\/em> <strong>publicitarias:<\/strong> son aquellas que permiten la gesti\u00f3n, de la forma m\u00e1s eficaz posible, de los espacios publicitarios que, en su caso, el editor haya incluido en una p\u00e1gina web, aplicaci\u00f3n o plataforma desde la que presta el servicio solicitado en base a criterios como el contenido editado o la frecuencia en la que se muestran los anuncios.<\/li>\n<li><em><strong>Cookies <\/strong><\/em><strong>de publicidad comportamental<\/strong>: recogen informaci\u00f3n sobre las preferencias y elecciones personales del usuario (<em>retargeting<\/em>) para permitir la gesti\u00f3n, de la forma m\u00e1s eficaz posible, de los espacios publicitarios que, en su caso, el editor haya incluido en una p\u00e1gina web, aplicaci\u00f3n o plataforma desde la que presta el servicio solicitado.<\/li>\n<li><em><strong>Cookies <\/strong><\/em><strong>sociales<\/strong>: son establecidas por las plataformas de redes sociales en los servicios para permitirle compartir contenido con sus amigos y redes. Las plataformas de medios sociales tienen la capacidad de rastrear su actividad en l\u00ednea fuera de los Servicios. Esto puede afectar al contenido y los mensajes que ve en otros servicios que visita.<\/li>\n<li><em><strong>Cookies <\/strong><\/em><strong>de afiliados<\/strong>: permiten hacer un seguimiento de las visitas procedentes de otras webs, con las que el sitio web establece un contrato de afiliaci\u00f3n (empresas de afiliaci\u00f3n).<\/li>\n<li><em><strong>Cookies <\/strong><\/em><strong>de seguridad<\/strong>: almacenan informaci\u00f3n cifrada para evitar que los datos guardados en ellas sean vulnerables a ataques maliciosos de terceros.<\/li>\n<\/ul>\n<p><strong>SEG\u00daN LA PROPIEDAD<\/strong><\/p>\n<ul>\n<li><em><strong>Cookies<\/strong><\/em><strong> propias<\/strong>: son aquellas que se env\u00edan al equipo terminal del usuario desde un equipo o dominio gestionado por el propio editor y desde el que se presta el servicio solicitado por el usuario.<\/li>\n<li><em><strong>Cookies<\/strong><\/em> <strong>de terceros:<\/strong> son aquellas que se env\u00edan al equipo terminal del usuario desde un equipo o dominio que no es gestionado por el editor, sino por otra entidad que trata los datos obtenidos trav\u00e9s de las cookies.<\/li>\n<\/ul>\n<p><strong>SEG\u00daN EL PLAZO DE CONSERVACI\u00d3N<\/strong><\/p>\n<ul>\n<li><em><strong>Cookies<\/strong><\/em><strong> de sesi\u00f3n:<\/strong> son un tipo de <em>cookies<\/em> dise\u00f1adas para recabar y almacenar datos mientras el usuario accede a una p\u00e1gina web.<\/li>\n<li><em><strong>Cookies<\/strong><\/em><strong> persistentes:<\/strong> son un tipo de cookies en el que los datos siguen almacenados en el terminal y pueden ser accedidos y tratados durante un per\u00edodo definido por el responsable de la <em>cookie<\/em>, y que puede ir de unos minutos a varios a\u00f1os.<\/li>\n<\/ul>\n<p><strong>TRATAMIENTO DE DATOS PERSONALES<\/strong><\/p>\n<p>La Palma 52 Sound SL es el <strong>Responsable del tratamiento<\/strong> de los datos personales del <strong>Interesado <\/strong>y le informa de que estos datos ser\u00e1n tratados de conformidad con lo dispuesto en el Reglamento (UE) 2016\/679, de 27 de abril de 2016 (GDPR), por lo que se le facilita la siguiente informaci\u00f3n del tratamiento:<\/p>\n<p><strong>Fines del tratamiento: <\/strong>seg\u00fan se especifica en el apartado de <em>cookies <\/em>que se utilizan en este sitio web.<\/p>\n<p><strong>Legitimaci\u00f3n del tratamiento<\/strong>: por consentimiento del interesado (art. 6.1 GDPR).<\/p>\n<p><strong>Criterios de conservaci\u00f3n de los datos<\/strong>: seg\u00fan se especifica en el apartado de <em>cookies <\/em>utilizadas en la web.<\/p>\n<p><strong>Comunicaci\u00f3n de los datos<\/strong>: no se comunicar\u00e1n los datos a terceros, excepto en cookies propiedad de terceros o por obligaci\u00f3n legal.<\/p>\n<p><strong>Derechos que asisten al Interesado<\/strong>:<\/p>\n<p>&#8211; Derecho a retirar el consentimiento en cualquier momento.<br \/>\n&#8211; Derecho de acceso, rectificaci\u00f3n, portabilidad y supresi\u00f3n de sus datos, y de limitaci\u00f3n u oposici\u00f3n a su tratamiento.<br \/>\n&#8211; Derecho a presentar una reclamaci\u00f3n ante la Autoridad de control (www.aepd.es) si considera que el tratamiento no se ajusta a la normativa vigente.<\/p>\n<p><strong>Datos de contacto para ejercer sus derechos:<\/strong><\/p>\n<p>La Palma 52 Sound SL. Calle La Palma, 52 BAJO A &#8211; 28015 Madrid (Madrid). Email: jose@lapalma52.com<\/p>\n<p><strong>COOKIES UTILIZADAS EN ESTE SITIO WEB<\/strong><\/p>\n<p>En este apartado se informa sobre las cookies que el sitio web puede instalar en su navegador, excepto las cookies t\u00e9cnicas o funcionales que son necesarias para la navegaci\u00f3n y la utilizaci\u00f3n de las diferentes opciones o servicios que se ofrecen y se indica como deshabilitar las cookies que el usuario desee.<\/p><\/div>\n<div id=\"listadodecookies\">\n<table style=\"border: 1px solid black; height: 614px;\" width=\"758\">\n<tbody>\n<tr align=\"center\">\n<td style=\"border: 1px solid black;\">Nombre<\/td>\n<td style=\"border: 1px solid black;\">Categoria<\/td>\n<td style=\"border: 1px solid black;\">Descripci\u00f3n<\/td>\n<td style=\"border: 1px solid black;\">Propiedad<\/td>\n<td style=\"border: 1px solid black;\">Duraci\u00f3n<\/td>\n<\/tr>\n<tr id=\"\" align=\"center\">\n<td style=\"border: 1px solid black;\">SERVERID68971<\/td>\n<td style=\"border: 1px solid black;\">T\u00e9cnica<\/td>\n<td style=\"border: 1px solid black;\">Cookie t\u00e9cnica que mantiene la sesi\u00f3n del usuario conectado.<\/td>\n<td style=\"border: 1px solid black;\">Propia<\/td>\n<td style=\"border: 1px solid black;\">Session<\/td>\n<\/tr>\n<tr id=\"\" align=\"center\">\n<td style=\"border: 1px solid black;\">DSID<\/td>\n<td style=\"border: 1px solid black;\">Anal\u00edtica<\/td>\n<td style=\"border: 1px solid black;\">Son cookies publicitarias; se usan para mostrar v\u00eddeos alojados en Youtube. Suelen utilizarse para orientar la publicidad seg\u00fan el contenido que es relevante para un usuario, mejorar los informes de rendimiento de la campa\u00f1a y evitar mostrar anuncios que el usuario ya haya visto<br \/>\nM\u00e1s informaci\u00f3n sobre las cookies de Doubleclick en https:\/\/goo.gl\/2aiHzY<\/td>\n<td style=\"border: 1px solid black;\">doubleclick.net<\/td>\n<td style=\"border: 1px solid black;\">10 d\u00edas<\/td>\n<\/tr>\n<tr id=\"\" align=\"center\">\n<td style=\"border: 1px solid black;\">IDE<\/td>\n<td style=\"border: 1px solid black;\">Anal\u00edtica<\/td>\n<td style=\"border: 1px solid black;\">Son cookies publicitarias; se usan para mostrar v\u00eddeos alojados en Youtube. Suelen utilizarse para orientar la publicidad seg\u00fan el contenido que es relevante para un usuario, mejorar los informes de rendimiento de la campa\u00f1a y evitar mostrar anuncios que el usuario ya haya visto<br \/>\nM\u00e1s informaci\u00f3n sobre las cookies de Doubleclick en https:\/\/goo.gl\/2aiHzY<\/td>\n<td style=\"border: 1px solid black;\">doubleclick.net<\/td>\n<td style=\"border: 1px solid black;\">10 meses y 20 d\u00edas<\/td>\n<\/tr>\n<tr id=\"\" align=\"center\">\n<td style=\"border: 1px solid black;\">permutive-session<\/td>\n<td style=\"border: 1px solid black;\">Anal\u00edtica<\/td>\n<td style=\"border: 1px solid black;\">Son cookies publicitarias; se usan para mostrar v\u00eddeos alojados en Youtube. Suelen utilizarse para orientar la publicidad seg\u00fan el contenido que es relevante para un usuario, mejorar los informes de rendimiento de la campa\u00f1a y evitar mostrar anuncios que el usuario ya haya visto<br \/>\nM\u00e1s informaci\u00f3n sobre las cookies de Doubleclick en https:\/\/goo.gl\/2aiHzY<\/td>\n<td style=\"border: 1px solid black;\">doubleclick.net<\/td>\n<td style=\"border: 1px solid black;\">3 a\u00f1os<\/td>\n<\/tr>\n<tr id=\"\" align=\"center\">\n<td style=\"border: 1px solid black;\">_fbp<\/td>\n<td style=\"border: 1px solid black;\">Anal\u00edtica<\/td>\n<td style=\"border: 1px solid black;\">Utilizada por Facebook para proporcionar una serie de productos publicitarios como pujas en tiempo real de terceros anunciantes. M\u00e1s informaci\u00f3n en https:\/\/policies.google.com\/privacy<\/td>\n<td style=\"border: 1px solid black;\">googleusercontent.com<\/td>\n<td style=\"border: 1px solid black;\">3 meses<\/td>\n<\/tr>\n<tr id=\"wp-settings-\" align=\"center\">\n<td style=\"border: 1px solid black;\">_vwo_uuid_v2<\/td>\n<td style=\"border: 1px solid black;\">Anal\u00edtica<\/td>\n<td style=\"border: 1px solid black;\">Calcula el tr\u00e1fico \u00fanico del sitio web. M\u00e1s informaci\u00f3n en https:\/\/policies.google.com\/privacy<\/td>\n<td style=\"border: 1px solid black;\">googleusercontent.com<\/td>\n<td style=\"border: 1px solid black;\">1 a\u00f1o<\/td>\n<\/tr>\n<tr id=\"wp-settings-\" align=\"center\">\n<td style=\"border: 1px solid black;\">APISID<\/td>\n<td style=\"border: 1px solid black;\">Anal\u00edtica<\/td>\n<td style=\"border: 1px solid black;\">Permite mostrar videos alojados en Youtube. M\u00e1s informaci\u00f3n en https:\/\/policies.google.com\/privacy<\/td>\n<td style=\"border: 1px solid black;\">youtube.com<\/td>\n<td style=\"border: 1px solid black;\">2 a\u00f1os<\/td>\n<\/tr>\n<tr id=\"wp-settings-\" align=\"center\">\n<td style=\"border: 1px solid black;\">HSID<\/td>\n<td style=\"border: 1px solid black;\">Funcionalidad<\/td>\n<td style=\"border: 1px solid black;\">Permite mostrar videos alojados en Youtube. M\u00e1s informaci\u00f3n en https:\/\/policies.google.com\/privacy<\/td>\n<td style=\"border: 1px solid black;\">youtube.com<\/td>\n<td style=\"border: 1px solid black;\">2 a\u00f1os<\/td>\n<\/tr>\n<tr id=\"wp-settings-\" align=\"center\">\n<td style=\"border: 1px solid black;\">LOGIN_INFO<\/td>\n<td style=\"border: 1px solid black;\">Funcionalidad<\/td>\n<td style=\"border: 1px solid black;\">Permite mostrar videos alojados en Youtube. M\u00e1s informaci\u00f3n en https:\/\/policies.google.com\/privacy<\/td>\n<td style=\"border: 1px solid black;\">youtube.com<\/td>\n<td style=\"border: 1px solid black;\">2 a\u00f1os<\/td>\n<\/tr>\n<tr id=\"wp-settings-\" align=\"center\">\n<td style=\"border: 1px solid black;\">PREF<\/td>\n<td style=\"border: 1px solid black;\">\n<p>Funcionalidad<\/p>\n<p>y<\/p>\n<p>Anal\u00edtica<\/td>\n<td style=\"border: 1px solid black;\">Permite mostrar videos alojados en Youtube. Se usa para registrar un Id \u00fanico que es usado por Google para tener estad\u00edsticas de como los visitantes usan los videos de YouTube en las distintas webs. M\u00e1s informaci\u00f3n en https:\/\/policies.google.com\/privacy<\/td>\n<td style=\"border: 1px solid black;\">youtube.com<\/td>\n<td style=\"border: 1px solid black;\">9 meses<\/td>\n<\/tr>\n<tr id=\"wp-settings-\" align=\"center\">\n<td style=\"border: 1px solid black;\">SAPISID<\/td>\n<td style=\"border: 1px solid black;\">Funcionalidad<\/td>\n<td style=\"border: 1px solid black;\">Permite mostrar videos alojados en Youtube. M\u00e1s informaci\u00f3n en https:\/\/policies.google.com\/privacy<\/td>\n<td style=\"border: 1px solid black;\">youtube.com<\/td>\n<td style=\"border: 1px solid black;\">2 a\u00f1os<\/td>\n<\/tr>\n<tr id=\"wp-settings-\" align=\"center\">\n<td style=\"border: 1px solid black;\">SID<\/td>\n<td style=\"border: 1px solid black;\">Funcionalidad<\/td>\n<td style=\"border: 1px solid black;\">Permite mostrar videos alojados en Youtube. M\u00e1s informaci\u00f3n en https:\/\/policies.google.com\/privacy<\/td>\n<td style=\"border: 1px solid black;\">youtube.com<\/td>\n<td style=\"border: 1px solid black;\">2 a\u00f1os<\/td>\n<\/tr>\n<tr id=\"wp-settings-\" align=\"center\">\n<td style=\"border: 1px solid black;\">SIDCC<\/td>\n<td style=\"border: 1px solid black;\">Funcionalidad<\/td>\n<td style=\"border: 1px solid black;\">Permite mostrar videos alojados en Youtube. M\u00e1s informaci\u00f3n en https:\/\/policies.google.com\/privacy<\/td>\n<td style=\"border: 1px solid black;\">youtube.com<\/td>\n<td style=\"border: 1px solid black;\">1 a\u00f1o<\/td>\n<\/tr>\n<tr id=\"wp-settings-\" align=\"center\">\n<td style=\"border: 1px solid black;\">SSID<\/td>\n<td style=\"border: 1px solid black;\">Funcionalidad<\/td>\n<td style=\"border: 1px solid black;\">Permite mostrar videos alojados en Youtube. M\u00e1s informaci\u00f3n en https:\/\/policies.google.com\/privacy<\/td>\n<td style=\"border: 1px solid black;\">youtube.com<\/td>\n<td style=\"border: 1px solid black;\">2 a\u00f1os<\/td>\n<\/tr>\n<tr id=\"wp-settings-\" align=\"center\">\n<td style=\"border: 1px solid black;\">VISITOR_INFO1_LIVE<\/td>\n<td style=\"border: 1px solid black;\">\n<p>Funcionalidad<\/p>\n<p>y<\/p>\n<p>Anal\u00edtica<\/td>\n<td style=\"border: 1px solid black;\">Permite mostrar videos alojados en Youtube. Se usa para estimar l ancho de banda de los usuarios en p\u00e1ginas con videos de YouTube integrados. M\u00e1s informaci\u00f3n en https:\/\/policies.google.com\/privacy<\/td>\n<td style=\"border: 1px solid black;\">youtube.com<\/td>\n<td style=\"border: 1px solid black;\">8 meses<\/td>\n<\/tr>\n<tr id=\"wp-settings-\" align=\"center\">\n<td style=\"border: 1px solid black;\">YSC<\/td>\n<td style=\"border: 1px solid black;\">\n<p>Funcionalidad<\/p>\n<p>y<\/p>\n<p>Anal\u00edtica<\/td>\n<td style=\"border: 1px solid black;\">Permite mostrar videos alojados en Youtube. Establece un identificador \u00fanico que permite controlar las visitas de los videos de YouTube. M\u00e1s informaci\u00f3n en https:\/\/policies.google.com\/privacy<\/td>\n<td style=\"border: 1px solid black;\">youtube.com<\/td>\n<td style=\"border: 1px solid black;\">Session<\/td>\n<\/tr>\n<tr id=\"wp-settings-time-\" align=\"center\">\n<td style=\"border: 1px solid black;\">__Secure-3PAPISID<\/td>\n<td style=\"border: 1px solid black;\">Funcionalidad<\/td>\n<td style=\"border: 1px solid black;\">Permite mostrar videos alojados en Youtube. M\u00e1s informaci\u00f3n en https:\/\/policies.google.com\/privacy<\/td>\n<td style=\"border: 1px solid black;\">youtube.com<\/td>\n<td style=\"border: 1px solid black;\">2 a\u00f1os<\/td>\n<\/tr>\n<tr id=\"wp-settings-time-\" align=\"center\">\n<td style=\"border: 1px solid black;\">__Secure-3PSID<\/td>\n<td style=\"border: 1px solid black;\">Funcionalidad<\/td>\n<td style=\"border: 1px solid black;\">Permite mostrar videos alojados en Youtube. M\u00e1s informaci\u00f3n en https:\/\/policies.google.com\/privacy<\/td>\n<td style=\"border: 1px solid black;\">youtube.com<\/td>\n<td style=\"border: 1px solid black;\">2 a\u00f1os<\/td>\n<\/tr>\n<tr id=\"wp-settings-time-\" align=\"center\">\n<td style=\"border: 1px solid black;\">__Secure-APISID<\/td>\n<td style=\"border: 1px solid black;\">Funcionalidad<\/td>\n<td style=\"border: 1px solid black;\">Permite mostrar videos alojados en Youtube. M\u00e1s informaci\u00f3n en https:\/\/policies.google.com\/privacy<\/td>\n<td style=\"border: 1px solid black;\">youtube.com<\/td>\n<td style=\"border: 1px solid black;\">8 meses<\/td>\n<\/tr>\n<tr id=\"wp-settings-time-\" align=\"center\">\n<td style=\"border: 1px solid black;\">__Secure-HSID<\/td>\n<td style=\"border: 1px solid black;\">Funcionalidad<\/td>\n<td style=\"border: 1px solid black;\">Permite mostrar videos alojados en Youtube. M\u00e1s informaci\u00f3n en https:\/\/policies.google.com\/privacy<\/td>\n<td style=\"border: 1px solid black;\">youtube.com<\/td>\n<td style=\"border: 1px solid black;\">8 meses<\/td>\n<\/tr>\n<tr id=\"wp-settings-time-\" align=\"center\">\n<td style=\"border: 1px solid black;\">__Secure-SSID<\/td>\n<td style=\"border: 1px solid black;\">Funcionalidad<\/td>\n<td style=\"border: 1px solid black;\">Permite mostrar videos alojados en Youtube. M\u00e1s informaci\u00f3n en https:\/\/policies.google.com\/privacy<\/td>\n<td style=\"border: 1px solid black;\">youtube.com<\/td>\n<td style=\"border: 1px solid black;\">8 meses<\/td>\n<\/tr>\n<tr id=\"wp-settings-time-\" align=\"center\">\n<td style=\"border: 1px solid black;\">remote_sid<\/td>\n<td style=\"border: 1px solid black;\">\n<p>Funcionalidad<\/p>\n<p>y<\/p>\n<p>Anal\u00edtica<\/td>\n<td style=\"border: 1px solid black;\">Permite mostrar videos alojados en Youtube. Registra en qu\u00e9 dominio se reproduce el video. M\u00e1s informaci\u00f3n en https:\/\/policies.google.com\/privacy<\/td>\n<td style=\"border: 1px solid black;\">youtube.com<\/td>\n<td style=\"border: 1px solid black;\">Finalizaci\u00f3n de la sesi\u00f3n<\/td>\n<\/tr>\n<tr id=\"catAccCookies\" align=\"center\">\n<td style=\"border: 1px solid black;\">catAccCookies<\/td>\n<td style=\"border: 1px solid black;\">Funcionalidad<\/td>\n<td style=\"border: 1px solid black;\">Contiene un c\u00f3digo para verificar que la pol\u00edtica de cookies ha sido aceptada.<\/td>\n<td style=\"border: 1px solid black;\">Propia<\/td>\n<td style=\"border: 1px solid black;\">1 d\u00eda<\/td>\n<\/tr>\n<\/tbody>\n<\/table>\n<\/div>\n<ul>\n<li><\/li>\n<\/ul>\n<div id=\"clickdatos\">\n<table width=\"100%\">\n<tbody>\n<tr>\n<td colspan=\"2\" width=\"100%\"><strong>C\u00d3MO GESTIONAR LAS COOKIES DESDE EL NAVEGADOR<\/strong><\/td>\n<\/tr>\n<tr>\n<td width=\"212\"><strong>Eliminar las cookies del dispositivo <\/strong><\/td>\n<td width=\"70%\">Las cookies que ya est\u00e1n en un dispositivo se pueden eliminar borrando el historial del navegador, con lo que se suprimen las cookies de todos los sitios web visitados.<br \/>\nSin embargo, tambi\u00e9n se puede perder parte de la informaci\u00f3n guardada (por ejemplo, los datos de inicio de sesi\u00f3n o las preferencias de sitio web).<\/td>\n<\/tr>\n<tr>\n<td width=\"30%\"><strong>Gestionar las cookies espec\u00edficas del sitio <\/strong><\/td>\n<td width=\"70%\">Para tener un control m\u00e1s preciso de las cookies espec\u00edficas de cada sitio, los usuarios pueden ajustar su configuraci\u00f3n de privacidad y cookies en el navegador.<\/td>\n<\/tr>\n<tr>\n<td width=\"30%\"><strong>Bloquear las cookies <\/strong><\/td>\n<td width=\"70%\">Aunque la mayor\u00eda de los navegadores modernos se pueden configurar para evitar que se instalen cookies en los dispositivos, eso puede obligar al ajuste manual de determinadas preferencias cada vez que se visite un sitio o p\u00e1gina. Adem\u00e1s, algunos servicios y caracter\u00edsticas pueden no funcionar correctamente (por ejemplo, los inicios de sesi\u00f3n con perfil).<\/td>\n<\/tr>\n<\/tbody>\n<\/table>\n<p>&nbsp;<\/p>\n<table width=\"100%\">\n<tbody>\n<tr>\n<td colspan=\"2\" width=\"100%\"><strong>C\u00d3MO ELIMINAR LAS COOKIES DE LOS NAVEGADORES M\u00c1S COMUNES<\/strong><\/td>\n<\/tr>\n<tr>\n<td width=\"212\"><strong>Chrome<\/strong><\/td>\n<td width=\"70%\"><a href=\"http:\/\/support.google.com\/chrome\/answer\/95647?hl=es\">http:\/\/support.google.com\/chrome\/answer\/95647?hl=es<\/a><\/td>\n<\/tr>\n<tr>\n<td width=\"30%\"><strong>Internet Explorer. Versi\u00f3n 11<\/strong><\/td>\n<td width=\"70%\"><a href=\"https:\/\/support.microsoft.com\/es-es\/help\/278835\/how-to-delete-cookie-files-in-internet-explorer\">https:\/\/support.microsoft.com\/es-es\/help\/278835\/how-to-delete-cookie-files-in-internet-explorer<\/a><\/td>\n<\/tr>\n<tr>\n<td width=\"30%\"><strong>Firefox. Versi\u00f3n 65.0.1<\/strong><\/td>\n<td width=\"70%\"><a href=\"https:\/\/www.mozilla.org\/es-ES\/privacy\/websites\/#cookies\">https:\/\/www.mozilla.org\/es-ES\/privacy\/websites\/#cookies<\/a><\/td>\n<\/tr>\n<tr>\n<td width=\"30%\"><strong>Safari Versi\u00f3n 5.1<\/strong><\/td>\n<td width=\"70%\"><a href=\"https:\/\/support.apple.com\/es-es\/guide\/safari\/sfri11471\/mac\">https:\/\/support.apple.com\/es-es\/guide\/safari\/sfri11471\/mac<\/a><\/td>\n<\/tr>\n<tr>\n<td width=\"30%\"><strong>Opera<\/strong><\/td>\n<td width=\"70%\"><a href=\"https:\/\/help.opera.com\/en\/latest\/security-and-privacy\/#clearBrowsingData\">https:\/\/help.opera.com\/en\/latest\/security-and-privacy\/#clearBrowsingData<\/a><\/td>\n<\/tr>\n<\/tbody>\n<\/table>\n<p>&nbsp;<\/p><\/div>\n<p>[\/vc_column_text][\/vc_column][\/vc_row]<\/p>\n","protected":false},"excerpt":{"rendered":"<p>[vc_row][vc_column][vc_column_text] INFORMACI\u00d3N SOBRE COOKIES Debido a la entrada en vigor de la referente modificaci\u00f3n de la \u00abLey de Servicios de la Sociedad de la Informaci\u00f3n\u00bb (LSSICE) establecida por el Real Decreto 13\/2012, es de obligaci\u00f3n obtener el consentimiento expreso del usuario de todas las p\u00e1ginas web que usan cookies prescindibles, antes de que este navegue [&hellip;]<\/p>\n","protected":false},"author":2,"featured_media":0,"parent":0,"menu_order":0,"comment_status":"closed","ping_status":"closed","template":"","meta":[],"_links":{"self":[{"href":"https:\/\/lapalma52sound.es\/index.php\/wp-json\/wp\/v2\/pages\/1901"}],"collection":[{"href":"https:\/\/lapalma52sound.es\/index.php\/wp-json\/wp\/v2\/pages"}],"about":[{"href":"https:\/\/lapalma52sound.es\/index.php\/wp-json\/wp\/v2\/types\/page"}],"author":[{"embeddable":true,"href":"https:\/\/lapalma52sound.es\/index.php\/wp-json\/wp\/v2\/users\/2"}],"replies":[{"embeddable":true,"href":"https:\/\/lapalma52sound.es\/index.php\/wp-json\/wp\/v2\/comments?post=1901"}],"version-history":[{"count":5,"href":"https:\/\/lapalma52sound.es\/index.php\/wp-json\/wp\/v2\/pages\/1901\/revisions"}],"predecessor-version":[{"id":1913,"href":"https:\/\/lapalma52sound.es\/index.php\/wp-json\/wp\/v2\/pages\/1901\/revisions\/1913"}],"wp:attachment":[{"href":"https:\/\/lapalma52sound.es\/index.php\/wp-json\/wp\/v2\/media?parent=1901"}],"curies":[{"name":"wp","href":"https:\/\/api.w.org\/{rel}","templated":true}]}}